{"id":23,"date":"2026-05-09T09:22:36","date_gmt":"2026-05-09T09:22:36","guid":{"rendered":"https:\/\/peromia.com\/?post_type=product&#038;p=23"},"modified":"2026-05-09T09:23:56","modified_gmt":"2026-05-09T09:23:56","slug":"vetnavit-multiplus-kedi-ve-kopekler-icin-vitamin-mineral-ve-aminoasit-destegi","status":"publish","type":"product","link":"http:\/\/peromia.com\/index.php\/urun\/vetnavit-multiplus-kedi-ve-kopekler-icin-vitamin-mineral-ve-aminoasit-destegi\/","title":{"rendered":"VetNaVit MultiPlus \u2013 Kedi ve K\u00f6pekler \u0130\u00e7in Vitamin, Mineral ve Aminoasit Deste\u011fi"},"content":{"rendered":"<h3 data-local-id=\"074941f19f5a\" data-prosemirror-content-type=\"node\" data-prosemirror-node-name=\"heading\" data-prosemirror-node-block=\"true\" data-pm-slice=\"1 1 []\"><strong data-prosemirror-content-type=\"mark\" data-prosemirror-mark-name=\"strong\">\u00d6ne \u00c7\u0131kan \u00d6zellikler<\/strong><\/h3>\n<ul class=\"ak-ul\" data-prosemirror-content-type=\"node\" data-prosemirror-node-name=\"bulletList\" data-prosemirror-node-block=\"true\">\n<li data-prosemirror-content-type=\"node\" data-prosemirror-node-name=\"listItem\" data-prosemirror-node-block=\"true\">\n<p data-local-id=\"d34027cd958e\" data-prosemirror-content-type=\"node\" data-prosemirror-node-name=\"paragraph\" data-prosemirror-node-block=\"true\">Vitamin, mineral ve aminoasit i\u00e7eren kompleks form\u00fcle sahiptir.<\/p>\n<\/li>\n<li data-prosemirror-content-type=\"node\" data-prosemirror-node-name=\"listItem\" data-prosemirror-node-block=\"true\">\n<p data-local-id=\"b96644ae455d\" data-prosemirror-content-type=\"node\" data-prosemirror-node-name=\"paragraph\" data-prosemirror-node-block=\"true\">Ba\u011f\u0131\u015f\u0131kl\u0131k sistemini destekler.<\/p>\n<\/li>\n<li data-prosemirror-content-type=\"node\" data-prosemirror-node-name=\"listItem\" data-prosemirror-node-block=\"true\">\n<p data-local-id=\"9fba2db34505\" data-prosemirror-content-type=\"node\" data-prosemirror-node-name=\"paragraph\" data-prosemirror-node-block=\"true\">Sindirim sisteminin d\u00fczenli \u00e7al\u0131\u015fmas\u0131na katk\u0131 sa\u011flar.<\/p>\n<\/li>\n<li data-prosemirror-content-type=\"node\" data-prosemirror-node-name=\"listItem\" data-prosemirror-node-block=\"true\">\n<p data-local-id=\"8bda80b1829c\" data-prosemirror-content-type=\"node\" data-prosemirror-node-name=\"paragraph\" data-prosemirror-node-block=\"true\">T\u00fcy ve deri sa\u011fl\u0131\u011f\u0131n\u0131 destekler.<\/p>\n<\/li>\n<li data-prosemirror-content-type=\"node\" data-prosemirror-node-name=\"listItem\" data-prosemirror-node-block=\"true\">\n<p data-local-id=\"3cf44acae4d1\" data-prosemirror-content-type=\"node\" data-prosemirror-node-name=\"paragraph\" data-prosemirror-node-block=\"true\">Genel v\u00fccut fonksiyonlar\u0131n\u0131 destekler.<\/p>\n<\/li>\n<li data-prosemirror-content-type=\"node\" data-prosemirror-node-name=\"listItem\" data-prosemirror-node-block=\"true\">\n<p data-local-id=\"fb5c9506d6d3\" data-prosemirror-content-type=\"node\" data-prosemirror-node-name=\"paragraph\" data-prosemirror-node-block=\"true\">T\u00fcm kedi\/k\u00f6pek \u0131rklar\u0131 ve ya\u015f gruplar\u0131 i\u00e7in kullan\u0131ma uygundur.<\/p>\n<\/li>\n<\/ul>\n<p data-local-id=\"8fc3b19b9cd7\" data-prosemirror-content-type=\"node\" data-prosemirror-node-name=\"paragraph\" data-prosemirror-node-block=\"true\"><strong data-prosemirror-content-type=\"mark\" data-prosemirror-mark-name=\"strong\">Neden VetNaVit Multi Plus?<\/strong><\/p>\n<p data-local-id=\"30292f8fb1e8\" data-prosemirror-content-type=\"node\" data-prosemirror-node-name=\"paragraph\" data-prosemirror-node-block=\"true\">Kedi ve k\u00f6peklerin g\u00fcnl\u00fck beslenme rutinleri her zaman t\u00fcm ihtiya\u00e7lar\u0131 kar\u015f\u0131lamayabilir. <strong data-prosemirror-content-type=\"mark\" data-prosemirror-mark-name=\"strong\">VetNaVit MultiPlus<\/strong>, eksik kalan vitamin ve mineralleri tamamlayarak dengeli bir beslenmeye katk\u0131 sa\u011flar. \u00d6zellikle b\u00fcy\u00fcme d\u00f6neminde, yo\u011fun stres alt\u0131nda veya ba\u011f\u0131\u015f\u0131kl\u0131\u011f\u0131n desteklenmesi gereken durumlarda etkili bir \u00e7\u00f6z\u00fcm sunar.<\/p>\n<h3 data-local-id=\"d62a77001ec0\" data-prosemirror-content-type=\"node\" data-prosemirror-node-name=\"heading\" data-prosemirror-node-block=\"true\"><strong data-prosemirror-content-type=\"mark\" data-prosemirror-mark-name=\"strong\">VetNaVit Multi Plus Nas\u0131l Kullan\u0131l\u0131r?<\/strong><\/h3>\n<p data-local-id=\"101d3ed813f9\" data-prosemirror-content-type=\"node\" data-prosemirror-node-name=\"paragraph\" data-prosemirror-node-block=\"true\">Veteriner hekim taraf\u0131ndan ba\u015fka bir \u015fekilde \u00f6nerilmediyse tedaviye destek olmak amac\u0131yla kedi ve k\u00f6peklerde her 10 kg canl\u0131 a\u011f\u0131rl\u0131k i\u00e7in 1 paket\/g\u00fcn direk a\u011f\u0131z yolu ile veya mamaya kar\u0131\u015ft\u0131r\u0131larak d\u00fczenli olarak kullan\u0131lmal\u0131d\u0131r.<\/p>\n","protected":false},"excerpt":{"rendered":"<p data-local-id=\"41d77992a095\" data-prosemirror-content-type=\"node\" data-prosemirror-node-name=\"heading\" data-prosemirror-node-block=\"true\" data-pm-slice=\"1 1 []\">Evcil dostlar\u0131n\u0131z\u0131n sa\u011fl\u0131kl\u0131 geli\u015fimini desteklemek amac\u0131yla form\u00fcle edilen VetNaVit MultiPlus vitamin, mineral ve aminoasit i\u00e7eri\u011fiyle kedi ve k\u00f6peklerin g\u00fcnl\u00fck besin ihtiya\u00e7lar\u0131n\u0131 tamamlayan kapsaml\u0131 bir takviye \u00fcr\u00fcn\u00fcd\u00fcr. T\u00fcy sa\u011fl\u0131\u011f\u0131ndan sindirim sistemine, ba\u011f\u0131\u015f\u0131kl\u0131k sisteminden genel organ fonksiyonlar\u0131na kadar geni\u015f bir etki alan\u0131 sunar. D\u00fczenli kullan\u0131mda daha sa\u011fl\u0131kl\u0131, enerjik ve dengeli bir ya\u015fam i\u00e7in destek sa\u011flar.<\/p>\n","protected":false},"featured_media":47,"comment_status":"open","ping_status":"closed","template":"","meta":[],"product_brand":[],"product_cat":[19],"product_tag":[],"class_list":{"0":"post-23","1":"product","2":"type-product","3":"status-publish","4":"has-post-thumbnail","6":"product_cat-kedi-vitamini","8":"first","9":"instock","10":"shipping-taxable","11":"purchasable","12":"product-type-simple"},"_links":{"self":[{"href":"http:\/\/peromia.com\/index.php\/wp-json\/wp\/v2\/product\/23","targetHints":{"allow":["GET"]}}],"collection":[{"href":"http:\/\/peromia.com\/index.php\/wp-json\/wp\/v2\/product"}],"about":[{"href":"http:\/\/peromia.com\/index.php\/wp-json\/wp\/v2\/types\/product"}],"replies":[{"embeddable":true,"href":"http:\/\/peromia.com\/index.php\/wp-json\/wp\/v2\/comments?post=23"}],"wp:featuredmedia":[{"embeddable":true,"href":"http:\/\/peromia.com\/index.php\/wp-json\/wp\/v2\/media\/47"}],"wp:attachment":[{"href":"http:\/\/peromia.com\/index.php\/wp-json\/wp\/v2\/media?parent=23"}],"wp:term":[{"taxonomy":"product_brand","embeddable":true,"href":"http:\/\/peromia.com\/index.php\/wp-json\/wp\/v2\/product_brand?post=23"},{"taxonomy":"product_cat","embeddable":true,"href":"http:\/\/peromia.com\/index.php\/wp-json\/wp\/v2\/product_cat?post=23"},{"taxonomy":"product_tag","embeddable":true,"href":"http:\/\/peromia.com\/index.php\/wp-json\/wp\/v2\/product_tag?post=23"}],"curies":[{"name":"wp","href":"https:\/\/api.w.org\/{rel}","templated":true}]}}