{"id":22,"date":"2026-05-09T09:22:35","date_gmt":"2026-05-09T09:22:35","guid":{"rendered":"https:\/\/peromia.com\/?post_type=product&#038;p=22"},"modified":"2026-05-09T09:23:54","modified_gmt":"2026-05-09T09:23:54","slug":"vetnavit-biozinc-kedi-ve-kopekler-icin-tuy-ve-deri-sagligi-destegi-biotin-cinko-takviyesi","status":"publish","type":"product","link":"http:\/\/peromia.com\/index.php\/urun\/vetnavit-biozinc-kedi-ve-kopekler-icin-tuy-ve-deri-sagligi-destegi-biotin-cinko-takviyesi\/","title":{"rendered":"VetNaVit BioZinc \u2013 Kedi ve K\u00f6pekler \u0130\u00e7in T\u00fcy ve Deri Sa\u011fl\u0131\u011f\u0131 Deste\u011fi Biotin &#038; \u00c7inko Takviyesi"},"content":{"rendered":"<h3 data-local-id=\"b489cf728899\" data-prosemirror-content-type=\"node\" data-prosemirror-node-name=\"heading\" data-prosemirror-node-block=\"true\" data-pm-slice=\"1 1 []\"><strong data-prosemirror-content-type=\"mark\" data-prosemirror-mark-name=\"strong\">\u00d6ne \u00c7\u0131kan \u00d6zellikler<\/strong><\/h3>\n<ul class=\"ak-ul\" data-prosemirror-content-type=\"node\" data-prosemirror-node-name=\"bulletList\" data-prosemirror-node-block=\"true\">\n<li data-prosemirror-content-type=\"node\" data-prosemirror-node-name=\"listItem\" data-prosemirror-node-block=\"true\">\n<p data-local-id=\"02c1c0c42345\" data-prosemirror-content-type=\"node\" data-prosemirror-node-name=\"paragraph\" data-prosemirror-node-block=\"true\">Parlak ve canl\u0131 t\u00fcy olu\u015fumuna katk\u0131 sa\u011flar.<\/p>\n<\/li>\n<li data-prosemirror-content-type=\"node\" data-prosemirror-node-name=\"listItem\" data-prosemirror-node-block=\"true\">\n<p data-local-id=\"3b3ef6b042ee\" data-prosemirror-content-type=\"node\" data-prosemirror-node-name=\"paragraph\" data-prosemirror-node-block=\"true\">T\u00fcy d\u00f6k\u00fclmesini azaltmaya yard\u0131mc\u0131 olur.<\/p>\n<\/li>\n<li data-prosemirror-content-type=\"node\" data-prosemirror-node-name=\"listItem\" data-prosemirror-node-block=\"true\">\n<p data-local-id=\"c8847320e7d8\" data-prosemirror-content-type=\"node\" data-prosemirror-node-name=\"paragraph\" data-prosemirror-node-block=\"true\">Biyotin, \u00e7inko ve DL-metiyonin ile g\u00fc\u00e7l\u00fc form\u00fcl.<\/p>\n<\/li>\n<li data-prosemirror-content-type=\"node\" data-prosemirror-node-name=\"listItem\" data-prosemirror-node-block=\"true\">\n<p data-local-id=\"02e08085ecc3\" data-prosemirror-content-type=\"node\" data-prosemirror-node-name=\"paragraph\" data-prosemirror-node-block=\"true\">Deri ve t\u00fcy sa\u011fl\u0131\u011f\u0131n\u0131 destekler.<\/p>\n<\/li>\n<li data-prosemirror-content-type=\"node\" data-prosemirror-node-name=\"listItem\" data-prosemirror-node-block=\"true\">\n<p data-local-id=\"eb536eee65b1\" data-prosemirror-content-type=\"node\" data-prosemirror-node-name=\"paragraph\" data-prosemirror-node-block=\"true\">Kedi ve k\u00f6pekler i\u00e7in kullan\u0131ma uygundur.<\/p>\n<\/li>\n<\/ul>\n<h3 data-local-id=\"d62a77001ec0\" data-prosemirror-content-type=\"node\" data-prosemirror-node-name=\"heading\" data-prosemirror-node-block=\"true\"><strong data-prosemirror-content-type=\"mark\" data-prosemirror-mark-name=\"strong\">Neden VetNaVit BioZinc?<\/strong><\/h3>\n<p data-local-id=\"1ca16d4b0a27\" data-prosemirror-content-type=\"node\" data-prosemirror-node-name=\"paragraph\" data-prosemirror-node-block=\"true\">Kedi ve k\u00f6peklerde deri ve t\u00fcy sa\u011fl\u0131\u011f\u0131, genel ya\u015fam kalitesinin \u00f6nemli bir par\u00e7as\u0131d\u0131r. <strong data-prosemirror-content-type=\"mark\" data-prosemirror-mark-name=\"strong\">VetNaVit BioZinc<\/strong>, i\u00e7erdi\u011fi biyotin ve \u00e7inko ile deri yap\u0131s\u0131n\u0131 desteklerken, DL-metiyonin sayesinde t\u00fcylerin g\u00fc\u00e7lenmesine katk\u0131 sa\u011flar. D\u00fczenli kullan\u0131mda daha sa\u011fl\u0131kl\u0131 bir g\u00f6r\u00fcn\u00fcm elde edilmesine yard\u0131mc\u0131 olur.<\/p>\n<h3 data-local-id=\"d62a77001ec0\" data-prosemirror-content-type=\"node\" data-prosemirror-node-name=\"heading\" data-prosemirror-node-block=\"true\"><strong data-prosemirror-content-type=\"mark\" data-prosemirror-mark-name=\"strong\">VetNaVit BioZinc Nas\u0131l Kullan\u0131l\u0131r?<\/strong><\/h3>\n<p data-local-id=\"6a51c08009ee\" data-prosemirror-content-type=\"node\" data-prosemirror-node-name=\"paragraph\" data-prosemirror-node-block=\"true\">Veteriner hekim taraf\u0131ndan ba\u015fka bir \u015fekilde \u00f6nerilmediyse, tedaviye destek olmak amac\u0131yla kedi ve k\u00f6peklerde her 5 kg canl\u0131 a\u011f\u0131rl\u0131k i\u00e7in 1 paket\/g\u00fcn direk a\u011f\u0131z yolu ile veya mamaya kar\u0131\u015ft\u0131r\u0131larak d\u00fczenli olarak kullan\u0131lmal\u0131d\u0131r.<\/p>\n","protected":false},"excerpt":{"rendered":"<p data-local-id=\"23f39d6f8299\" data-prosemirror-content-type=\"node\" data-prosemirror-node-name=\"paragraph\" data-prosemirror-node-block=\"true\" data-pm-slice=\"1 1 []\">Evcil hayvanlar\u0131n deri ve t\u00fcy sa\u011fl\u0131\u011f\u0131n\u0131 desteklemek amac\u0131yla geli\u015ftirilen <strong data-prosemirror-content-type=\"mark\" data-prosemirror-mark-name=\"strong\">VetNaVit BioZinc<\/strong>, do\u011fal yap\u0131s\u0131 ve katk\u0131s\u0131z form\u00fcl\u00fc ile \u00f6ne \u00e7\u0131kan bir bak\u0131m takviyesidir. \u0130\u00e7eri\u011finde bulunan biyotin, \u00e7inko (glisin hidrat \u015felat) ve DL-metiyonin sayesinde integ\u00fcmenter sistemin (deri ve t\u00fcy yap\u0131s\u0131) g\u00fc\u00e7lenmesine katk\u0131 sa\u011flar.<\/p>\n<p data-local-id=\"b57395c1e577\" data-prosemirror-content-type=\"node\" data-prosemirror-node-name=\"paragraph\" data-prosemirror-node-block=\"true\">Kedi ve k\u00f6peklerin ihtiya\u00e7 duydu\u011fu temel besin \u00f6\u011felerini destekleyerek daha sa\u011fl\u0131kl\u0131, canl\u0131 ve parlak t\u00fcy olu\u015fumuna yard\u0131mc\u0131 olur. \u00d6zellikle t\u00fcy d\u00f6k\u00fclmesi, mat t\u00fcy g\u00f6r\u00fcn\u00fcm\u00fc ve deri hassasiyetine kar\u015f\u0131 etkili bir destek sunar.<\/p>\n","protected":false},"featured_media":45,"comment_status":"open","ping_status":"closed","template":"","meta":[],"product_brand":[],"product_cat":[19],"product_tag":[],"class_list":{"0":"post-22","1":"product","2":"type-product","3":"status-publish","4":"has-post-thumbnail","6":"product_cat-kedi-vitamini","8":"first","9":"instock","10":"shipping-taxable","11":"purchasable","12":"product-type-simple"},"_links":{"self":[{"href":"http:\/\/peromia.com\/index.php\/wp-json\/wp\/v2\/product\/22","targetHints":{"allow":["GET"]}}],"collection":[{"href":"http:\/\/peromia.com\/index.php\/wp-json\/wp\/v2\/product"}],"about":[{"href":"http:\/\/peromia.com\/index.php\/wp-json\/wp\/v2\/types\/product"}],"replies":[{"embeddable":true,"href":"http:\/\/peromia.com\/index.php\/wp-json\/wp\/v2\/comments?post=22"}],"wp:featuredmedia":[{"embeddable":true,"href":"http:\/\/peromia.com\/index.php\/wp-json\/wp\/v2\/media\/45"}],"wp:attachment":[{"href":"http:\/\/peromia.com\/index.php\/wp-json\/wp\/v2\/media?parent=22"}],"wp:term":[{"taxonomy":"product_brand","embeddable":true,"href":"http:\/\/peromia.com\/index.php\/wp-json\/wp\/v2\/product_brand?post=22"},{"taxonomy":"product_cat","embeddable":true,"href":"http:\/\/peromia.com\/index.php\/wp-json\/wp\/v2\/product_cat?post=22"},{"taxonomy":"product_tag","embeddable":true,"href":"http:\/\/peromia.com\/index.php\/wp-json\/wp\/v2\/product_tag?post=22"}],"curies":[{"name":"wp","href":"https:\/\/api.w.org\/{rel}","templated":true}]}}