{"id":21,"date":"2026-05-09T09:22:35","date_gmt":"2026-05-09T09:22:35","guid":{"rendered":"https:\/\/peromia.com\/?post_type=product&#038;p=21"},"modified":"2026-05-09T09:23:52","modified_gmt":"2026-05-09T09:23:52","slug":"vetnavit-biozinc-plus-kedi-ve-kopek-icin-tuy-ve-deri-sagligi-destegi-biotin-cinko-takviyesi","status":"publish","type":"product","link":"http:\/\/peromia.com\/index.php\/urun\/vetnavit-biozinc-plus-kedi-ve-kopek-icin-tuy-ve-deri-sagligi-destegi-biotin-cinko-takviyesi\/","title":{"rendered":"VetNaVit BioZinc Plus Kedi ve K\u00f6pek \u0130\u00e7in T\u00fcy ve Deri Sa\u011fl\u0131\u011f\u0131 Deste\u011fi Biotin &#038; \u00c7inko Takviyesi"},"content":{"rendered":"<h3 data-local-id=\"3c868be114ac\" data-prosemirror-content-type=\"node\" data-prosemirror-node-name=\"heading\" data-prosemirror-node-block=\"true\" data-pm-slice=\"1 1 []\"><strong data-prosemirror-content-type=\"mark\" data-prosemirror-mark-name=\"strong\">\u00d6ne \u00c7\u0131kan \u00d6zellikler<\/strong><\/h3>\n<ul class=\"ak-ul\" data-prosemirror-content-type=\"node\" data-prosemirror-node-name=\"bulletList\" data-prosemirror-node-block=\"true\">\n<li data-prosemirror-content-type=\"node\" data-prosemirror-node-name=\"listItem\" data-prosemirror-node-block=\"true\">\n<p data-local-id=\"0b5c6393eb30\" data-prosemirror-content-type=\"node\" data-prosemirror-node-name=\"paragraph\" data-prosemirror-node-block=\"true\">Kedi ve k\u00f6pekler i\u00e7in kullan\u0131ma uygundur.<\/p>\n<\/li>\n<li data-prosemirror-content-type=\"node\" data-prosemirror-node-name=\"listItem\" data-prosemirror-node-block=\"true\">\n<p data-local-id=\"c15790163ee4\" data-prosemirror-content-type=\"node\" data-prosemirror-node-name=\"paragraph\" data-prosemirror-node-block=\"true\">T\u00fcy d\u00f6k\u00fclmesini azaltmaya destek olur<\/p>\n<\/li>\n<li data-prosemirror-content-type=\"node\" data-prosemirror-node-name=\"listItem\" data-prosemirror-node-block=\"true\">\n<p data-local-id=\"613c7d901873\" data-prosemirror-content-type=\"node\" data-prosemirror-node-name=\"paragraph\" data-prosemirror-node-block=\"true\">Parlak ve sa\u011fl\u0131kl\u0131 t\u00fcy olu\u015fumunu destekler.<\/p>\n<\/li>\n<li data-prosemirror-content-type=\"node\" data-prosemirror-node-name=\"listItem\" data-prosemirror-node-block=\"true\">\n<p data-local-id=\"bc98d2867e2d\" data-prosemirror-content-type=\"node\" data-prosemirror-node-name=\"paragraph\" data-prosemirror-node-block=\"true\">Deri sa\u011fl\u0131\u011f\u0131n\u0131 g\u00fc\u00e7lendirmeye yard\u0131mc\u0131 olur.<\/p>\n<\/li>\n<li data-prosemirror-content-type=\"node\" data-prosemirror-node-name=\"listItem\" data-prosemirror-node-block=\"true\">\n<p data-local-id=\"4e49a48e18f7\" data-prosemirror-content-type=\"node\" data-prosemirror-node-name=\"paragraph\" data-prosemirror-node-block=\"true\">Biyotin, \u00e7inko ve DL-metiyonin i\u00e7eren \u00f6zel form\u00fcle sahiptir.<\/p>\n<\/li>\n<\/ul>\n<h3 data-local-id=\"d62a77001ec0\" data-prosemirror-content-type=\"node\" data-prosemirror-node-name=\"heading\" data-prosemirror-node-block=\"true\"><strong data-prosemirror-content-type=\"mark\" data-prosemirror-mark-name=\"strong\">Neden VetNaVit BioZinc Plus?<\/strong><\/h3>\n<p data-local-id=\"f166ac63efff\" data-prosemirror-content-type=\"node\" data-prosemirror-node-name=\"paragraph\" data-prosemirror-node-block=\"true\">T\u00fcy ve deri problemleri, evcil hayvanlarda en s\u0131k kar\u015f\u0131la\u015f\u0131lan sorunlardan biridir. <strong data-prosemirror-content-type=\"mark\" data-prosemirror-mark-name=\"strong\">VetNaVit BioZinc Plus<\/strong>, i\u00e7erdi\u011fi biyotin ve \u00e7inko ile deri bariyerini desteklerken, DL-metiyonin sayesinde t\u00fcy yap\u0131s\u0131n\u0131n g\u00fc\u00e7lenmesine katk\u0131 sa\u011flar. Bu sayede hem estetik g\u00f6r\u00fcn\u00fcm hem de genel sa\u011fl\u0131k a\u00e7\u0131s\u0131ndan etkili bir \u00e7\u00f6z\u00fcm sunar.<\/p>\n<h3 data-local-id=\"d62a77001ec0\" data-prosemirror-content-type=\"node\" data-prosemirror-node-name=\"heading\" data-prosemirror-node-block=\"true\"><strong data-prosemirror-content-type=\"mark\" data-prosemirror-mark-name=\"strong\">VetNaVit BioZinc<\/strong> <strong data-prosemirror-content-type=\"mark\" data-prosemirror-mark-name=\"strong\">Plus<\/strong> Nas\u0131l Kullan\u0131l\u0131r?<\/h3>\n<p data-local-id=\"c464fb930791\" data-prosemirror-content-type=\"node\" data-prosemirror-node-name=\"paragraph\" data-prosemirror-node-block=\"true\">Veteriner hekim taraf\u0131ndan ba\u015fka bir \u015fekilde \u00f6nerilmediyse, tedaviye destek olmak amac\u0131yla kedi ve k\u00f6peklerde her 10 kg canl\u0131 a\u011f\u0131rl\u0131k i\u00e7in 1 paket\/g\u00fcn direk a\u011f\u0131z yolu ile veya mamaya kar\u0131\u015ft\u0131r\u0131larak d\u00fczenli olarak kullan\u0131lmal\u0131d\u0131r.<\/p>\n","protected":false},"excerpt":{"rendered":"<p data-local-id=\"766d1cf63f62\" data-prosemirror-content-type=\"node\" data-prosemirror-node-name=\"paragraph\" data-prosemirror-node-block=\"true\" data-pm-slice=\"1 1 []\">Evcil dostlar\u0131n\u0131z\u0131n t\u00fcy kalitesini art\u0131rmak ve deri sa\u011fl\u0131\u011f\u0131n\u0131 desteklemek amac\u0131yla geli\u015ftirilen <strong data-prosemirror-content-type=\"mark\" data-prosemirror-mark-name=\"strong\">VetNaVit BioZinc Plus<\/strong>, biyotin, \u00e7inko (glisin hidrat \u015felat) ve DL-metiyonin i\u00e7eren g\u00fc\u00e7l\u00fc form\u00fcl\u00fcyle \u00f6ne \u00e7\u0131kar. \u00d6zellikle t\u00fcy d\u00f6k\u00fclmesi, mat ve cans\u0131z t\u00fcy g\u00f6r\u00fcn\u00fcm\u00fc gibi durumlarda destekleyici olarak tercih edilir.<\/p>\n<p data-local-id=\"db68d8d58d2d\" data-prosemirror-content-type=\"node\" data-prosemirror-node-name=\"paragraph\" data-prosemirror-node-block=\"true\">Kedi ve k\u00f6peklerin g\u00fcnl\u00fck biyotin ve \u00e7inko ihtiyac\u0131n\u0131 kar\u015f\u0131lamaya yard\u0131mc\u0131 olan bu \u00f6zel takviye, d\u00fczenli kullan\u0131mda daha parlak t\u00fcyler ve sa\u011fl\u0131kl\u0131 bir deri yap\u0131s\u0131 olu\u015fmas\u0131na katk\u0131 sa\u011flar.<\/p>\n","protected":false},"featured_media":43,"comment_status":"open","ping_status":"closed","template":"","meta":[],"product_brand":[],"product_cat":[19],"product_tag":[],"class_list":{"0":"post-21","1":"product","2":"type-product","3":"status-publish","4":"has-post-thumbnail","6":"product_cat-kedi-vitamini","8":"first","9":"instock","10":"shipping-taxable","11":"purchasable","12":"product-type-simple"},"_links":{"self":[{"href":"http:\/\/peromia.com\/index.php\/wp-json\/wp\/v2\/product\/21","targetHints":{"allow":["GET"]}}],"collection":[{"href":"http:\/\/peromia.com\/index.php\/wp-json\/wp\/v2\/product"}],"about":[{"href":"http:\/\/peromia.com\/index.php\/wp-json\/wp\/v2\/types\/product"}],"replies":[{"embeddable":true,"href":"http:\/\/peromia.com\/index.php\/wp-json\/wp\/v2\/comments?post=21"}],"wp:featuredmedia":[{"embeddable":true,"href":"http:\/\/peromia.com\/index.php\/wp-json\/wp\/v2\/media\/43"}],"wp:attachment":[{"href":"http:\/\/peromia.com\/index.php\/wp-json\/wp\/v2\/media?parent=21"}],"wp:term":[{"taxonomy":"product_brand","embeddable":true,"href":"http:\/\/peromia.com\/index.php\/wp-json\/wp\/v2\/product_brand?post=21"},{"taxonomy":"product_cat","embeddable":true,"href":"http:\/\/peromia.com\/index.php\/wp-json\/wp\/v2\/product_cat?post=21"},{"taxonomy":"product_tag","embeddable":true,"href":"http:\/\/peromia.com\/index.php\/wp-json\/wp\/v2\/product_tag?post=21"}],"curies":[{"name":"wp","href":"https:\/\/api.w.org\/{rel}","templated":true}]}}