{"id":20,"date":"2026-05-09T09:22:34","date_gmt":"2026-05-09T09:22:34","guid":{"rendered":"https:\/\/peromia.com\/?post_type=product&#038;p=20"},"modified":"2026-05-09T09:23:49","modified_gmt":"2026-05-09T09:23:49","slug":"vetnavit-catmalt-tuy-yumagi-onleyici-kedi-malti","status":"publish","type":"product","link":"http:\/\/peromia.com\/index.php\/urun\/vetnavit-catmalt-tuy-yumagi-onleyici-kedi-malti\/","title":{"rendered":"VetNaVit CatMalt T\u00fcy Yuma\u011f\u0131 \u00d6nleyici Kedi Malt\u0131"},"content":{"rendered":"<h3 data-local-id=\"ee7659b2a8e3\" data-prosemirror-content-type=\"node\" data-prosemirror-node-name=\"heading\" data-prosemirror-node-block=\"true\" data-pm-slice=\"1 0 []\"><strong data-prosemirror-content-type=\"mark\" data-prosemirror-mark-name=\"strong\">\u00d6ne \u00c7\u0131kan \u00d6zellikler<\/strong><\/h3>\n<ul class=\"ak-ul\" data-prosemirror-content-type=\"node\" data-prosemirror-node-name=\"bulletList\" data-prosemirror-node-block=\"true\">\n<li data-prosemirror-content-type=\"node\" data-prosemirror-node-name=\"listItem\" data-prosemirror-node-block=\"true\">\n<p data-local-id=\"9f302c4f4b9f\" data-prosemirror-content-type=\"node\" data-prosemirror-node-name=\"paragraph\" data-prosemirror-node-block=\"true\">T\u00fcy yuma\u011f\u0131 olu\u015fumunu azaltmaya yard\u0131mc\u0131 olur.<\/p>\n<\/li>\n<li data-prosemirror-content-type=\"node\" data-prosemirror-node-name=\"listItem\" data-prosemirror-node-block=\"true\">\n<p data-local-id=\"2ef010b5b12d\" data-prosemirror-content-type=\"node\" data-prosemirror-node-name=\"paragraph\" data-prosemirror-node-block=\"true\">Sindirim sistemini desteklemeye yard\u0131mc\u0131 olur.<\/p>\n<\/li>\n<li data-prosemirror-content-type=\"node\" data-prosemirror-node-name=\"listItem\" data-prosemirror-node-block=\"true\">\n<p data-local-id=\"47f85b15236e\" data-prosemirror-content-type=\"node\" data-prosemirror-node-name=\"paragraph\" data-prosemirror-node-block=\"true\">Stick formunda tek kullan\u0131ml\u0131k pakettedir.<\/p>\n<\/li>\n<li data-prosemirror-content-type=\"node\" data-prosemirror-node-name=\"listItem\" data-prosemirror-node-block=\"true\">\n<p data-local-id=\"654f6b80821e\" data-prosemirror-content-type=\"node\" data-prosemirror-node-name=\"paragraph\" data-prosemirror-node-block=\"true\">T\u00fcm kedi \u0131rklar\u0131 ve ya\u015f gruplar\u0131 i\u00e7in idealdir.<\/p>\n<\/li>\n<\/ul>\n<h3 data-local-id=\"3e7e797293e5\" data-prosemirror-content-type=\"node\" data-prosemirror-node-name=\"heading\" data-prosemirror-node-block=\"true\"><strong data-prosemirror-content-type=\"mark\" data-prosemirror-mark-name=\"strong\">Neden Vetnacare CatMalt?<\/strong><\/h3>\n<p data-local-id=\"a51158c4a56a\" data-prosemirror-content-type=\"node\" data-prosemirror-node-name=\"paragraph\" data-prosemirror-node-block=\"true\">Kediler g\u00fcn i\u00e7erisinde kendilerini temizlerken yo\u011fun miktarda t\u00fcy yutar. Bu durum zamanla mide ve ba\u011f\u0131rsaklarda t\u00fcy yuma\u011f\u0131 olu\u015fumuna neden olabilir.<strong data-prosemirror-content-type=\"mark\" data-prosemirror-mark-name=\"strong\"> Vetnacare CatMalt<\/strong>, do\u011fal i\u00e7eri\u011fi sayesinde sindirim sistemini destekler ve t\u00fcylerin sindirim yoluyla at\u0131lmas\u0131na yard\u0131mc\u0131 olur.<\/p>\n<h3 data-local-id=\"3e7e797293e5\" data-prosemirror-content-type=\"node\" data-prosemirror-node-name=\"heading\" data-prosemirror-node-block=\"true\"><strong data-prosemirror-content-type=\"mark\" data-prosemirror-mark-name=\"strong\">Vetnacare CatMalt<\/strong> Nas\u0131l Kullan\u0131l\u0131r?<\/h3>\n<p data-local-id=\"9a00334c772a\" data-prosemirror-content-type=\"node\" data-prosemirror-node-name=\"paragraph\" data-prosemirror-node-block=\"true\">Veteriner hekim taraf\u0131ndan ba\u015fka bir \u015fekilde \u00f6nerilmediyse, tedaviye destek olmak amac\u0131yla 1 paket\/g\u00fcn direk a\u011f\u0131z yolu ile veya mamaya kar\u0131\u015ft\u0131r\u0131larak d\u00fczenli olarak kullan\u0131lmal\u0131d\u0131r.<\/p>\n","protected":false},"excerpt":{"rendered":"<p data-local-id=\"f1558eaa9e52\" data-prosemirror-content-type=\"node\" data-prosemirror-node-name=\"paragraph\" data-prosemirror-node-block=\"true\" data-pm-slice=\"1 1 []\">Kedilerde s\u0131k\u00e7a kar\u015f\u0131la\u015f\u0131lan t\u00fcy yuma\u011f\u0131 problemini azaltmaya yard\u0131mc\u0131 olan <strong data-prosemirror-content-type=\"mark\" data-prosemirror-mark-name=\"strong\">Vetnacare VetNaVit CatMalt<\/strong>, lezzetli stick formu sayesinde kedinizin severek t\u00fcketece\u011fi pratik bir takviyedir. G\u00fcnl\u00fck kullan\u0131m i\u00e7in uygun olan bu \u00f6zel form\u00fcl, sindirim sistemini desteklerken ayn\u0131 zamanda t\u00fcylerin do\u011fal yollarla at\u0131lmas\u0131na katk\u0131 sa\u011flar.<\/p>\n<p data-local-id=\"85b921103da0\" data-prosemirror-content-type=\"node\" data-prosemirror-node-name=\"paragraph\" data-prosemirror-node-block=\"true\">Evcil dostunuzun hem sa\u011fl\u0131\u011f\u0131n\u0131 hem de konforunu \u00f6n planda tutan VetNaCare, i\u00e7erdi\u011fi vitamin ve destekleyici bile\u015fenlerle kedinizin ya\u015fam kalitesini art\u0131rmay\u0131 hedefler.<\/p>\n","protected":false},"featured_media":41,"comment_status":"open","ping_status":"closed","template":"","meta":[],"product_brand":[],"product_cat":[19],"product_tag":[],"class_list":{"0":"post-20","1":"product","2":"type-product","3":"status-publish","4":"has-post-thumbnail","6":"product_cat-kedi-vitamini","8":"first","9":"instock","10":"shipping-taxable","11":"purchasable","12":"product-type-simple"},"_links":{"self":[{"href":"http:\/\/peromia.com\/index.php\/wp-json\/wp\/v2\/product\/20","targetHints":{"allow":["GET"]}}],"collection":[{"href":"http:\/\/peromia.com\/index.php\/wp-json\/wp\/v2\/product"}],"about":[{"href":"http:\/\/peromia.com\/index.php\/wp-json\/wp\/v2\/types\/product"}],"replies":[{"embeddable":true,"href":"http:\/\/peromia.com\/index.php\/wp-json\/wp\/v2\/comments?post=20"}],"wp:featuredmedia":[{"embeddable":true,"href":"http:\/\/peromia.com\/index.php\/wp-json\/wp\/v2\/media\/41"}],"wp:attachment":[{"href":"http:\/\/peromia.com\/index.php\/wp-json\/wp\/v2\/media?parent=20"}],"wp:term":[{"taxonomy":"product_brand","embeddable":true,"href":"http:\/\/peromia.com\/index.php\/wp-json\/wp\/v2\/product_brand?post=20"},{"taxonomy":"product_cat","embeddable":true,"href":"http:\/\/peromia.com\/index.php\/wp-json\/wp\/v2\/product_cat?post=20"},{"taxonomy":"product_tag","embeddable":true,"href":"http:\/\/peromia.com\/index.php\/wp-json\/wp\/v2\/product_tag?post=20"}],"curies":[{"name":"wp","href":"https:\/\/api.w.org\/{rel}","templated":true}]}}